{"id":199,"date":"2019-06-06T12:27:33","date_gmt":"2019-06-06T12:27:33","guid":{"rendered":"http:\/\/templatebundle.net\/wp\/moto\/netw1\/digital-marketing\/?page_id=7"},"modified":"2021-10-27T22:27:45","modified_gmt":"2021-10-27T20:27:45","slug":"service","status":"publish","type":"page","link":"https:\/\/it4soul.pl\/?page_id=199","title":{"rendered":"Service"},"content":{"rendered":"<p>[vc_row][vc_column]<section class=\"pixel_fancy_heading text-left border_bottom pixel_69e4dea616fcf\"><h2>JAK PRACUJEMY? 4 KROKI W DRODZE PO TW\u00d3J SUKCES<\/h2><\/section><div class=\"pixel_69e4dea616ff8\"><\/div>[\/vc_column][vc_column width=&#8221;1\/2&#8243; offset=&#8221;vc_col-md-3&#8243;]<div class=\"pixel_service_69e4dea617263 pixel_services text-center\">\r\n\t\t\t\t\t\t<div class=\"pixel_service_image \"><img decoding=\"async\" src=\"https:\/\/it4soul.pl\/wp-content\/uploads\/2019\/06\/digi-marketing-report.png\" alt=\"1. Planowanie Strategii\" class=\"img-fluid\"><\/div><h3>1. Planowanie Strategii<\/h3><p>Planowanie strategii to pierwszy i najwa\u017cniejszy krok w drodze po sukces Tw\u00f3j firmy. To tutaj ca\u0142y nasz zesp\u00f3\u0142 pracuje nad planem wdro\u017cenia oraz kreacj\u0105 wizerunkow\u0105 nowej strony lub sklepu Internetowego z kompleksow\u0105 propozycj\u0105 dzia\u0142a\u0144 marketingowych.<\/p><\/div><div class=\"pixel_69e4dea617295\"><\/div>[\/vc_column][vc_column width=&#8221;1\/2&#8243; offset=&#8221;vc_col-md-3&#8243;]<div class=\"pixel_service_69e4dea617445 pixel_services text-center\">\r\n\t\t\t\t\t\t<div class=\"pixel_service_image \"><img decoding=\"async\" src=\"https:\/\/it4soul.pl\/wp-content\/uploads\/2019\/06\/digi-marketing-social-media.png\" alt=\"2. Wdro\u017cenie\" class=\"img-fluid\"><\/div><h3>2. Wdro\u017cenie<\/h3><p>Ka\u017cde wdro\u017cenie wybranej przez Ciebie us\u0142ugi, realizowane jest zgodnie z harmonogramem ustalonym na pocz\u0105tku naszej wsp\u00f3\u0142pracy. Dbamy o to, by ka\u017cdy etap naszej wsp\u00f3\u0142pracy by\u0142 jasny i przejrzysty, a droga do sukcesu prosta i zdefiniowana.<\/p><\/div><div class=\"pixel_69e4dea617464\"><\/div>[\/vc_column][vc_column width=&#8221;1\/2&#8243; offset=&#8221;vc_col-md-3&#8243;]<div class=\"pixel_service_69e4dea617655 pixel_services text-center\">\r\n\t\t\t\t\t\t<div class=\"pixel_service_image \"><img decoding=\"async\" src=\"https:\/\/it4soul.pl\/wp-content\/uploads\/2019\/06\/digi-marketing-16.png\" alt=\"Marketing\" class=\"img-fluid\"><\/div><h3>Marketing<\/h3><p>Ka\u017cda Firma to indywidualna historia jej powstania. Dlatego wszystkie nasze dzia\u0142ania marketingowe dostosowywane s\u0105 indywidualnie do konkurencyjno\u015bci, potrzeb i mo\u017cliwo\u015bci.<br \/>\nNie dzia\u0142amy szablonowo, dlatego zawsze osi\u0105gamy sukces.<\/p><\/div><div class=\"pixel_69e4dea6176b7\"><\/div>[\/vc_column][vc_column width=&#8221;1\/2&#8243; offset=&#8221;vc_col-md-3&#8243;]<div class=\"pixel_service_69e4dea61787c pixel_services text-center\">\r\n\t\t\t\t\t\t<div class=\"pixel_service_image \"><img decoding=\"async\" src=\"https:\/\/it4soul.pl\/wp-content\/uploads\/2019\/06\/digi-marketing-18.png\" alt=\"Tw\u00f3j sukces\" class=\"img-fluid\"><\/div><h3>Tw\u00f3j sukces<\/h3><p>Podstaw\u0105 prowadzenia ka\u017cdego biznesu jest odpowiednia reklama, a my znamy si\u0119 na niej jak nikt inny! Przekujemy wirtualn\u0105 rzeczywisto\u015b\u0107 w pewny zysk! Mamy wszystko, czego potrzebujesz by zaistnie\u0107 w sieci. Zapraszamy Ci\u0119 do wsp\u00f3\u0142pracy ju\u017c dzisiaj.<\/p><\/div><div class=\"pixel_69e4dea61789a\"><\/div>[\/vc_column][\/vc_row][vc_row full_width=&#8221;stretch_row&#8221; css=&#8221;.vc_custom_1559905736924{background-color: #f7faff !important;}&#8221;][vc_column offset=&#8221;vc_col-md-6&#8243;]<div class=\"pixel_69e4dea6178a3\"><\/div>[vc_row_inner][vc_column_inner width=&#8221;1\/2&#8243;]<div class=\"pixel_service_69e4dea6178d8 pixel_services text-left\">\r\n\t\t\t\t\t\t<div class=\"pixel_service_image \"><img decoding=\"async\" src=\"https:\/\/it4soul.pl\/wp-content\/uploads\/2019\/06\/digi-marketing-16.png\" alt=\"Wizerunek\" class=\"img-fluid\"><\/div><h3>Wizerunek<\/h3><p>Kliknij ``Zobacz wi\u0119cej`` i sprawd\u017a, co znajduje si\u0119 w naszej ofercie.<\/p><a href=\"http:\/\/www.www.www\" class=\"pixel_service_link\">Zobacz wi\u0119cej <i class=\"fa fa-long-arrow-right\"><\/i><\/a><\/div><div class=\"pixel_69e4dea617908\"><\/div><div class=\"pixel_service_69e4dea617938 pixel_services text-left\">\r\n\t\t\t\t\t\t<div class=\"pixel_service_image \"><img decoding=\"async\" src=\"https:\/\/it4soul.pl\/wp-content\/uploads\/2019\/06\/digi-marketing-social-media.png\" alt=\"Sprzeda\u017c\" class=\"img-fluid\"><\/div><h3>Sprzeda\u017c<\/h3><p><\/p><\/div>[\/vc_column_inner][vc_column_inner width=&#8221;1\/2&#8243;]<div class=\"pixel_69e4dea617950\"><\/div><div class=\"pixel_service_69e4dea617b42 pixel_services text-left\">\r\n\t\t\t\t\t\t<div class=\"pixel_service_image \"><img decoding=\"async\" src=\"https:\/\/it4soul.pl\/wp-content\/uploads\/2019\/06\/digi-marketing-no-wifi.png\" alt=\"SEO Offline\" class=\"img-fluid\"><\/div><h3>SEO Offline<\/h3><p>At vero eos et accusamus et iusto odio dignissimos ducimus qui blanditiis<\/p><\/div><div class=\"pixel_69e4dea617b63\"><\/div><div class=\"pixel_service_69e4dea617b96 pixel_services text-left\">\r\n\t\t\t\t\t\t<div class=\"pixel_service_image \"><img decoding=\"async\" src=\"https:\/\/it4soul.pl\/wp-content\/uploads\/2019\/06\/digi-marketing-report.png\" alt=\"Komunikacja\" class=\"img-fluid\"><\/div><h3>Komunikacja<\/h3><p>At vero eos et accusamus et iusto odio dignissimos ducimus qui blanditiis<\/p><\/div>[\/vc_column_inner][\/vc_row_inner]<div class=\"pixel_69e4dea617bad\"><\/div>[\/vc_column][vc_column offset=&#8221;vc_col-md-6&#8243;]<div class=\"pixel_69e4dea617bb4\"><\/div><section class=\"pixel_fancy_heading text-left pixel_center_left_border pixel_69e4dea617bc1\"><h2>NASZA PRACA<\/h2><\/section><section class=\"pixel_fancy_heading text-left no_border pixel_69e4dea617bdd\"><h1>Czego dotyczy Nasza oferta?<\/h1><\/section><div class=\"pixel_69e4dea617bec\"><\/div>[vc_column_text]<span style=\"color: #333399;\"><strong>Promocja firm w Internecie to szybko rozwijaj\u0105ca si\u0119 bran\u017ca, dzi\u0119ki kt\u00f3rej mo\u017cesz pomno\u017cy\u0107 zyski nawet kilkukrotnie.\u00a0<\/strong><\/span><\/p>\n<p>&nbsp;<\/p>\n<p>Nasza oferta obejmuje kilka obszar\u00f3w, kt\u00f3re razem daj\u0105 najlepsze efekty biznesowe. Nasze dzia\u0142ania maj\u0105 na celu mi\u0119dzy innymi zwi\u0119kszenie rozpoznawalno\u015bci marki, wzbudzenie zainteresowania potencjalnych Klient\u00f3w i skuteczne zach\u0119cenie ich do skorzystania z oferty \u2013 co prowadzi do szybkiego pomno\u017cenia zysk\u00f3w przedsi\u0119biorstwa. Wysoka pozycja w wyszukiwarce, reklamy Google Ads, remarketing, aktualizacje, prowadzenie kana\u0142\u00f3w Social Media oraz inne dzia\u0142ania sprawi\u0105, \u017ce Tw\u00f3j biznes b\u0119dzie wyr\u00f3\u017cnia\u0142 si\u0119 na tle konkurencji. Z Nami b\u0119dziesz zawsze krok przed konkurencj\u0105![\/vc_column_text][vc_single_image image=&#8221;126&#8243; img_size=&#8221;full&#8221;][\/vc_column][\/vc_row][vc_row][vc_column]<div class=\"pixel_69e4dea617bf1\"><\/div><section class=\"pixel_fancy_heading text-center no_border pixel_69e4dea617bfb\"><h2>NASZA OFERTA<\/h2><\/section><section class=\"pixel_fancy_heading text-center no_border pixel_69e4dea617c0d\"><h1>Zaprezentuj swoj\u0105 Firm\u0119 poprzez atrakcyjn\u0105 stron\u0119 internetow\u0105 - zyskaj nowych Klient\u00f3w dzi\u0119ki profesjonalnym dzia\u0142aniom marketingowym<\/h1><\/section><div class=\"pixel_69e4dea617c18\"><\/div>[\/vc_column][\/vc_row][vc_row][vc_column width=&#8221;1\/3&#8243;]<div class=\"pixel_69e4dea617c1c\"><\/div><div class=\"pixel_pricing_table pixel_pricing_69e4dea617c2c\">\r\n\t\t\t\t\t<div class=\"pixel_pricing_header\">\r\n\t\t\t\t\t\t<h3>STARTER<\/h3><h1><small><\/small>1199 z\u0142<span>\/<\/span><\/h1>\r\n\t\t\t\t\t<\/div>\r\n\t\t\t\t\t<div class=\"pixel_pricingg_content\">\r\n\t\t\t\t\t\t<ul><li>Projekt graficzny<\/li><li>Dostosowanie do urz\u0105dze\u0144 mobilnych<\/li><li>Wykonanie do 8 podstron<\/li><li>Galeria zdj\u0119\u0107 i realizacji<\/li><li>Mapka lokalizacji<\/li><\/ul>\r\n\t\t\t\t\t<\/div>\r\n\t\t\t\t\t<div class=\"pixel_pricing_footer\">\r\n\t\t\t\t\t\t<a href=\"#\" class=\"pixel_button\">ZAM\u00d3W<\/a>\r\n\t\t\t\t\t<\/div>\r\n\t\t\t\t<\/div><div class=\"pixel_69e4dea617cc2\"><\/div>[\/vc_column][vc_column width=&#8221;1\/3&#8243;]<div class=\"pixel_pricing_table pixel_pricing_69e4dea617cd0\">\r\n\t\t\t\t\t<div class=\"pixel_pricing_header\">\r\n\t\t\t\t\t\t<h3>GOLD<\/h3><h1><small><\/small>1799 z\u0142<span>\/<\/span><\/h1>\r\n\t\t\t\t\t<\/div>\r\n\t\t\t\t\t<div class=\"pixel_pricingg_content\">\r\n\t\t\t\t\t\t<ul><li>Indywidualny projekt graficzny<\/li><li>Dostosowanie do urz\u0105dze\u0144 mobilnych<\/li><li>Wykonanie do 13 podstron<\/li><li>Galeria zdj\u0119\u0107 i realizacji<\/li><li>Mapka lokalizacji<\/li><li>Formularz kontaktowy<\/li><\/ul>\r\n\t\t\t\t\t<\/div>\r\n\t\t\t\t\t<div class=\"pixel_pricing_footer\">\r\n\t\t\t\t\t\t<a href=\"#\" class=\"pixel_button\">ZAM\u00d3W<\/a>\r\n\t\t\t\t\t<\/div>\r\n\t\t\t\t<\/div><div class=\"pixel_69e4dea617ec9\"><\/div>[\/vc_column][vc_column width=&#8221;1\/3&#8243;]<div class=\"pixel_69e4dea617ed0\"><\/div><div class=\"pixel_pricing_table pixel_pricing_69e4dea617edd\">\r\n\t\t\t\t\t<div class=\"pixel_pricing_header\">\r\n\t\t\t\t\t\t<h3>PREMIUM<\/h3><h1><small><\/small>2799 z\u0142<span>\/<\/span><\/h1>\r\n\t\t\t\t\t<\/div>\r\n\t\t\t\t\t<div class=\"pixel_pricingg_content\">\r\n\t\t\t\t\t\t<ul><li>Dedykowane rozwi\u0105zanie graficzne<\/li><li>Spos\u00f3b grafiki RWD<\/li><li>Rozbudowany system www<\/li><li>system CMS + dowolna ilo\u015b\u0107 licencji <\/li><li>Aktualno\u015bci + blog<\/li><li>Wykonanie do 25 podstron <\/li><\/ul>\r\n\t\t\t\t\t<\/div>\r\n\t\t\t\t\t<div class=\"pixel_pricing_footer\">\r\n\t\t\t\t\t\t<a href=\"#\" class=\"pixel_button\">ZAM\u00d3W<\/a>\r\n\t\t\t\t\t<\/div>\r\n\t\t\t\t<\/div><div class=\"pixel_69e4dea617f12\"><\/div>[\/vc_column][\/vc_row]<\/p>\n","protected":false},"excerpt":{"rendered":"<p>[vc_row][vc_column][\/vc_column][vc_column width=&#8221;1\/2&#8243; offset=&#8221;vc_col-md-3&#8243;][\/vc_column][vc_column width=&#8221;1\/2&#8243; offset=&#8221;vc_col-md-3&#8243;][\/vc_column][vc_column width=&#8221;1\/2&#8243; offset=&#8221;vc_col-md-3&#8243;][\/vc_column][vc_column width=&#8221;1\/2&#8243; offset=&#8221;vc_col-md-3&#8243;][\/vc_column][\/vc_row][vc_row full_width=&#8221;stretch_row&#8221; css=&#8221;.vc_custom_1559905736924{background-color: #f7faff !important;}&#8221;][vc_column offset=&#8221;vc_col-md-6&#8243;][vc_row_inner][vc_column_inner width=&#8221;1\/2&#8243;][\/vc_column_inner][vc_column_inner width=&#8221;1\/2&#8243;][\/vc_column_inner][\/vc_row_inner][\/vc_column][vc_column offset=&#8221;vc_col-md-6&#8243;][vc_column_text]Promocja firm w Internecie.<\/p>\n","protected":false},"author":1,"featured_media":0,"parent":0,"menu_order":0,"comment_status":"closed","ping_status":"closed","template":"","meta":{"footnotes":""},"class_list":["post-199","page","type-page","status-publish","hentry"],"_links":{"self":[{"href":"https:\/\/it4soul.pl\/index.php?rest_route=\/wp\/v2\/pages\/199","targetHints":{"allow":["GET"]}}],"collection":[{"href":"https:\/\/it4soul.pl\/index.php?rest_route=\/wp\/v2\/pages"}],"about":[{"href":"https:\/\/it4soul.pl\/index.php?rest_route=\/wp\/v2\/types\/page"}],"author":[{"embeddable":true,"href":"https:\/\/it4soul.pl\/index.php?rest_route=\/wp\/v2\/users\/1"}],"replies":[{"embeddable":true,"href":"https:\/\/it4soul.pl\/index.php?rest_route=%2Fwp%2Fv2%2Fcomments&post=199"}],"version-history":[{"count":71,"href":"https:\/\/it4soul.pl\/index.php?rest_route=\/wp\/v2\/pages\/199\/revisions"}],"predecessor-version":[{"id":389,"href":"https:\/\/it4soul.pl\/index.php?rest_route=\/wp\/v2\/pages\/199\/revisions\/389"}],"wp:attachment":[{"href":"https:\/\/it4soul.pl\/index.php?rest_route=%2Fwp%2Fv2%2Fmedia&parent=199"}],"curies":[{"name":"wp","href":"https:\/\/api.w.org\/{rel}","templated":true}]}}